{"id":183,"date":"2026-02-13T22:56:29","date_gmt":"2026-02-13T22:56:29","guid":{"rendered":"http:\/\/charcuterieandbloom-frankfurt.de\/?page_id=183"},"modified":"2026-02-16T12:10:19","modified_gmt":"2026-02-16T12:10:19","slug":"stilvolle-dekoration-fuer","status":"publish","type":"page","link":"https:\/\/charcuterieandbloom-frankfurt.de\/?page_id=183","title":{"rendered":"Stilvolle Dekoration f\u00fcr"},"content":{"rendered":"\t\t<div data-elementor-type=\"wp-page\" data-elementor-id=\"183\" class=\"elementor elementor-183\">\n\t\t\t\t<div class=\"elementor-element elementor-element-9e4ca3a e-flex e-con-boxed wpr-particle-no wpr-jarallax-no wpr-parallax-no wpr-sticky-section-no e-con e-parent\" data-id=\"9e4ca3a\" data-element_type=\"container\" data-e-type=\"container\" data-settings=\"{&quot;background_background&quot;:&quot;classic&quot;}\">\n\t\t\t\t\t<div class=\"e-con-inner\">\n\t\t\t\t<div class=\"elementor-element elementor-element-233965a elementor-widget elementor-widget-heading\" data-id=\"233965a\" data-element_type=\"widget\" data-e-type=\"widget\" data-widget_type=\"heading.default\">\n\t\t\t\t\t<h2 class=\"elementor-heading-title elementor-size-default\">\n\nStilvolle Dekoration f\u00fcr<\/h2>\t\t\t\t<\/div>\n\t\t\t\t\t<\/div>\n\t\t\t\t<\/div>\n\t\t<div class=\"elementor-element elementor-element-5111288 e-flex e-con-boxed wpr-particle-no wpr-jarallax-no wpr-parallax-no wpr-sticky-section-no e-con e-parent\" data-id=\"5111288\" data-element_type=\"container\" data-e-type=\"container\">\n\t\t\t\t\t<div class=\"e-con-inner\">\n\t\t<div class=\"elementor-element elementor-element-5282136 e-con-full e-flex wpr-particle-no wpr-jarallax-no wpr-parallax-no wpr-sticky-section-no e-con e-child\" data-id=\"5282136\" data-element_type=\"container\" data-e-type=\"container\">\n\t\t\t\t<div class=\"elementor-element elementor-element-85bc042 elementor-widget elementor-widget-image\" data-id=\"85bc042\" data-element_type=\"widget\" data-e-type=\"widget\" data-widget_type=\"image.default\">\n\t\t\t\t\t\t\t\t\t\t\t\t\t\t\t<img fetchpriority=\"high\" decoding=\"async\" width=\"1080\" height=\"1350\" src=\"https:\/\/charcuterieandbloom-frankfurt.de\/wp-content\/uploads\/2026\/02\/1.png\" class=\"attachment-full size-full wp-image-277\" alt=\"\" srcset=\"https:\/\/charcuterieandbloom-frankfurt.de\/wp-content\/uploads\/2026\/02\/1.png 1080w, https:\/\/charcuterieandbloom-frankfurt.de\/wp-content\/uploads\/2026\/02\/1-240x300.png 240w, https:\/\/charcuterieandbloom-frankfurt.de\/wp-content\/uploads\/2026\/02\/1-819x1024.png 819w, https:\/\/charcuterieandbloom-frankfurt.de\/wp-content\/uploads\/2026\/02\/1-768x960.png 768w\" sizes=\"(max-width: 1080px) 100vw, 1080px\" \/>\t\t\t\t\t\t\t\t\t\t\t\t\t\t\t<\/div>\n\t\t\t\t<div class=\"elementor-element elementor-element-64f2545 gallery-spacing-custom elementor-widget__width-initial elementor-widget elementor-widget-image-gallery\" data-id=\"64f2545\" data-element_type=\"widget\" data-e-type=\"widget\" data-widget_type=\"image-gallery.default\">\n\t\t\t\t\t\t\t<div class=\"elementor-image-gallery\">\n\t\t\t<div id='gallery-1' class='gallery galleryid-183 gallery-columns-3 gallery-size-full'><figure class='gallery-item'>\n\t\t\t<div class='gallery-icon portrait'>\n\t\t\t\t<a data-elementor-open-lightbox=\"yes\" data-elementor-lightbox-slideshow=\"64f2545\" data-elementor-lightbox-title=\"IMG_5574\" data-e-action-hash=\"#elementor-action%3Aaction%3Dlightbox%26settings%3DeyJpZCI6MjA2LCJ1cmwiOiJodHRwczpcL1wvY2hhcmN1dGVyaWVhbmRibG9vbS1mcmFua2Z1cnQuZGVcL3dwLWNvbnRlbnRcL3VwbG9hZHNcLzIwMjZcLzAyXC9JTUdfNTU3NC1lMTc3MTI0MjI5Mzg0MC5qcGVnIiwic2xpZGVzaG93IjoiNjRmMjU0NSJ9\" href='https:\/\/charcuterieandbloom-frankfurt.de\/wp-content\/uploads\/2026\/02\/IMG_5574-e1771242293840.jpeg'><img decoding=\"async\" width=\"736\" height=\"857\" src=\"https:\/\/charcuterieandbloom-frankfurt.de\/wp-content\/uploads\/2026\/02\/IMG_5574-e1771242293840.jpeg\" class=\"attachment-full size-full\" alt=\"\" srcset=\"https:\/\/charcuterieandbloom-frankfurt.de\/wp-content\/uploads\/2026\/02\/IMG_5574-e1771242293840.jpeg 736w, https:\/\/charcuterieandbloom-frankfurt.de\/wp-content\/uploads\/2026\/02\/IMG_5574-e1771242293840-258x300.jpeg 258w\" sizes=\"(max-width: 736px) 100vw, 736px\" \/><\/a>\n\t\t\t<\/div><\/figure><figure class='gallery-item'>\n\t\t\t<div class='gallery-icon landscape'>\n\t\t\t\t<a data-elementor-open-lightbox=\"yes\" data-elementor-lightbox-slideshow=\"64f2545\" data-elementor-lightbox-title=\"IMG_5576\" data-e-action-hash=\"#elementor-action%3Aaction%3Dlightbox%26settings%3DeyJpZCI6MjA3LCJ1cmwiOiJodHRwczpcL1wvY2hhcmN1dGVyaWVhbmRibG9vbS1mcmFua2Z1cnQuZGVcL3dwLWNvbnRlbnRcL3VwbG9hZHNcLzIwMjZcLzAyXC9JTUdfNTU3Ni1lMTc3MTI0MjQ0MzQ0Ni5qcGVnIiwic2xpZGVzaG93IjoiNjRmMjU0NSJ9\" href='https:\/\/charcuterieandbloom-frankfurt.de\/wp-content\/uploads\/2026\/02\/IMG_5576-e1771242443446.jpeg'><img decoding=\"async\" width=\"708\" height=\"592\" src=\"https:\/\/charcuterieandbloom-frankfurt.de\/wp-content\/uploads\/2026\/02\/IMG_5576-e1771242443446.jpeg\" class=\"attachment-full size-full\" alt=\"\" srcset=\"https:\/\/charcuterieandbloom-frankfurt.de\/wp-content\/uploads\/2026\/02\/IMG_5576-e1771242443446.jpeg 708w, https:\/\/charcuterieandbloom-frankfurt.de\/wp-content\/uploads\/2026\/02\/IMG_5576-e1771242443446-300x251.jpeg 300w\" sizes=\"(max-width: 708px) 100vw, 708px\" \/><\/a>\n\t\t\t<\/div><\/figure><figure class='gallery-item'>\n\t\t\t<div class='gallery-icon portrait'>\n\t\t\t\t<a data-elementor-open-lightbox=\"yes\" data-elementor-lightbox-slideshow=\"64f2545\" data-elementor-lightbox-title=\"IMG_5578\" data-e-action-hash=\"#elementor-action%3Aaction%3Dlightbox%26settings%3DeyJpZCI6MjA5LCJ1cmwiOiJodHRwczpcL1wvY2hhcmN1dGVyaWVhbmRibG9vbS1mcmFua2Z1cnQuZGVcL3dwLWNvbnRlbnRcL3VwbG9hZHNcLzIwMjZcLzAyXC9JTUdfNTU3OC5qcGVnIiwic2xpZGVzaG93IjoiNjRmMjU0NSJ9\" href='https:\/\/charcuterieandbloom-frankfurt.de\/wp-content\/uploads\/2026\/02\/IMG_5578.jpeg'><img loading=\"lazy\" decoding=\"async\" width=\"736\" height=\"946\" src=\"https:\/\/charcuterieandbloom-frankfurt.de\/wp-content\/uploads\/2026\/02\/IMG_5578.jpeg\" class=\"attachment-full size-full\" alt=\"\" srcset=\"https:\/\/charcuterieandbloom-frankfurt.de\/wp-content\/uploads\/2026\/02\/IMG_5578.jpeg 736w, https:\/\/charcuterieandbloom-frankfurt.de\/wp-content\/uploads\/2026\/02\/IMG_5578-233x300.jpeg 233w\" sizes=\"(max-width: 736px) 100vw, 736px\" \/><\/a>\n\t\t\t<\/div><\/figure>\n\t\t<\/div>\n\t\t<\/div>\n\t\t\t\t\t\t<\/div>\n\t\t\t\t<\/div>\n\t\t<div class=\"elementor-element elementor-element-4bddb4d e-con-full e-flex wpr-particle-no wpr-jarallax-no wpr-parallax-no wpr-sticky-section-no e-con e-child\" data-id=\"4bddb4d\" data-element_type=\"container\" data-e-type=\"container\">\n\t\t\t\t<div class=\"elementor-element elementor-element-3b0786b elementor-widget elementor-widget-heading\" data-id=\"3b0786b\" data-element_type=\"widget\" data-e-type=\"widget\" data-widget_type=\"heading.default\">\n\t\t\t\t\t<h2 class=\"elementor-heading-title elementor-size-default\">Event Styling &amp; Dekoration\nStilvolle Dekoration f\u00fcr<\/h2>\t\t\t\t<\/div>\n\t\t\t\t<div class=\"elementor-element elementor-element-dac17c1 elementor-widget elementor-widget-text-editor\" data-id=\"dac17c1\" data-element_type=\"widget\" data-e-type=\"widget\" data-widget_type=\"text-editor.default\">\n\t\t\t\t\t\t\t\t\t<p>besondere Anl\u00e4sse \u2013 reduziert, harmonisch und zeitlos. Von eleganten Table Settings bis zur dezenten Raumgestaltung entsteht ein stimmiges Gesamtbild.<\/p><p>Jedes Konzept wird individuell auf Event, Location und Atmosph\u00e4re abgestimmt.<\/p>\t\t\t\t\t\t\t\t<\/div>\n\t\t\t\t<\/div>\n\t\t\t\t\t<\/div>\n\t\t\t\t<\/div>\n\t\t<div class=\"elementor-element elementor-element-5e575a8 e-flex e-con-boxed wpr-particle-no wpr-jarallax-no wpr-parallax-no wpr-sticky-section-no e-con e-parent\" data-id=\"5e575a8\" data-element_type=\"container\" data-e-type=\"container\">\n\t\t\t\t\t<div class=\"e-con-inner\">\n\t\t<div class=\"elementor-element elementor-element-e254cff e-con-full e-flex wpr-particle-no wpr-jarallax-no wpr-parallax-no wpr-sticky-section-no e-con e-child\" data-id=\"e254cff\" data-element_type=\"container\" data-e-type=\"container\">\n\t\t\t\t<div class=\"elementor-element elementor-element-41b31b8 elementor-widget elementor-widget-heading\" data-id=\"41b31b8\" data-element_type=\"widget\" data-e-type=\"widget\" data-widget_type=\"heading.default\">\n\t\t\t\t\t<h2 class=\"elementor-heading-title elementor-size-default\">\nKontakt<\/h2>\t\t\t\t<\/div>\n\t\t\t\t<\/div>\n\t\t<div class=\"elementor-element elementor-element-5671c61 e-con-full e-flex wpr-particle-no wpr-jarallax-no wpr-parallax-no wpr-sticky-section-no e-con e-child\" data-id=\"5671c61\" data-element_type=\"container\" data-e-type=\"container\">\n\t\t\t\t<div class=\"elementor-element elementor-element-1d12c40 eael-contact-form-7-button-align-left eael-contact-form-7-button-custom elementor-widget elementor-widget-eael-contact-form-7\" data-id=\"1d12c40\" data-element_type=\"widget\" data-e-type=\"widget\" data-widget_type=\"eael-contact-form-7.default\">\n\t\t\t\t\t<div class=\"eael-contact-form-7-wrapper\">\n                <div class=\"eael-contact-form eael-contact-form-7 eael-contact-form-1d12c40 placeholder-show eael-contact-form-align-default\">\n<div class=\"wpcf7 no-js\" id=\"wpcf7-f113-o1\" lang=\"en-US\" dir=\"ltr\" data-wpcf7-id=\"113\">\n<div class=\"screen-reader-response\"><p role=\"status\" aria-live=\"polite\" aria-atomic=\"true\"><\/p> <ul><\/ul><\/div>\n<form action=\"\/index.php?rest_route=%2Fwp%2Fv2%2Fpages%2F183#wpcf7-f113-o1\" method=\"post\" class=\"wpcf7-form init\" aria-label=\"Contact form\" novalidate=\"novalidate\" data-status=\"init\">\n<fieldset class=\"hidden-fields-container\"><input type=\"hidden\" name=\"_wpcf7\" value=\"113\" \/><input type=\"hidden\" name=\"_wpcf7_version\" value=\"6.1.5\" \/><input type=\"hidden\" name=\"_wpcf7_locale\" value=\"en_US\" \/><input type=\"hidden\" name=\"_wpcf7_unit_tag\" value=\"wpcf7-f113-o1\" \/><input type=\"hidden\" name=\"_wpcf7_container_post\" value=\"0\" \/><input type=\"hidden\" name=\"_wpcf7_posted_data_hash\" value=\"\" \/>\n<\/fieldset>\n\t\t\t\t<style>\n\t\t\t\t\t.uacf7-uacf7style-113 label {\n\t\t\t\t\t\tcolor: #0a0a0a;font-size: 19px;font-family: Open Sans;font-style: normal;font-weight: 500;margin-bottom: 15px;\t\t\t\t\t}\n\n\t\t\t\t\t.uacf7-uacf7style-113 input[type=\"email\"],\n\t\t\t\t\t.uacf7-uacf7style-113 input[type=\"number\"],\n\t\t\t\t\t.uacf7-uacf7style-113 input[type=\"password\"],\n\t\t\t\t\t.uacf7-uacf7style-113 input[type=\"search\"],\n\t\t\t\t\t.uacf7-uacf7style-113 input[type=\"tel\"],\n\t\t\t\t\t.uacf7-uacf7style-113 input[type=\"text\"],\n\t\t\t\t\t.uacf7-uacf7style-113 input[type=\"url\"],\n\t\t\t\t\t.uacf7-uacf7style-113 input[type=\"date\"],\n\t\t\t\t\t.uacf7-uacf7style-113 input[type=\"radio\"],\n\t\t\t\t\t.uacf7-uacf7style-113 input[type=\"checkbox\"],\n\t\t\t\t\t.uacf7-uacf7style-113 select,\n\t\t\t\t\t.uacf7-uacf7style-113 textarea {\n\t\t\t\t\t\tfont-size: 15px;font-family: Open Sans;font-style: normal;font-weight: normal;border-width: 1px !important;border-color: #0a0a0a !important;border-style: solid!important;border-radius: 10px;margin-top: 10px;\t\t\t\t\t}\n\n\t\t\t\t\t.uacf7-uacf7style-113 .wpcf7-radio span,\n\t\t\t\t\t.uacf7-uacf7style-113 .wpcf7-checkbox span {\n\t\t\t\t\t\tfont-size: 15px;font-family: Open Sans;font-style: normal;font-weight: normal;\t\t\t\t\t}\n\n\t\t\t\t\t.uacf7-uacf7style-113 textarea {\n\t\t\t\t\t\t\t\t\t\t\t}\n\n\t\t\t\t\t.wpcf7-form-control-wrap select {\n\t\t\t\t\t\twidth: 100%;\n\t\t\t\t\t}\n\n\t\t\t\t\t.uacf7-uacf7style-113 input[type=\"submit\"] {\n\t\t\t\t\t\tcolor: #ffffff;background-color: #0a0a0a;font-size: 15px;font-family: Open Sans;font-style: normal;font-weight: 500;border-style: none;padding-top: 15px;padding-right: 40px;padding-bottom: 15px;padding-left: 40px;\t\t\t\t\t}\n\n\t\t\t\t\t.uacf7-uacf7style-113 input[type=\"submit\"]:hover {\n\t\t\t\t\t\tcolor: #ffffff;background-color: #333333;\t\t\t\t\t}\n\n\t\t\t\t\t.form-row.two-col {\r\n  display: flex;\r\n  gap: 15px;\r\n}\r\n\r\n.form-row.two-col .form-col {\r\n  width: 50%;\r\n}\r\n\r\n@media (max-width: 768px) {\r\n  .form-row.two-col {\r\n    flex-direction: column;\r\n  }\r\n  .form-row.two-col .form-col {\r\n    width: 100%;\r\n  }\r\n}\r\n\t\t\t\t<\/style>\n\n\t\t\t\t<div class=\"uacf7-uacf7style uacf7-uacf7style-113\"><div class=\"uacf7-form-wrapper-container uacf7-form-113  uacf7-uacf7style uacf7-uacf7style-113\"><div class=\"form-row two-col\">\n  <div class=\"form-col\">\n    <span class=\"wpcf7-form-control-wrap\" data-name=\"first-name\"><input size=\"40\" maxlength=\"400\" class=\"wpcf7-form-control wpcf7-text wpcf7-validates-as-required\" id=\"first-name\" aria-required=\"true\" aria-invalid=\"false\" placeholder=\"Vorname*\" value=\"\" type=\"text\" name=\"first-name\" \/><\/span>\n  <\/div>\n  <div class=\"form-col\">\n    <span class=\"wpcf7-form-control-wrap\" data-name=\"last-name\"><input size=\"40\" maxlength=\"400\" class=\"wpcf7-form-control wpcf7-text wpcf7-validates-as-required\" id=\"last-name\" aria-required=\"true\" aria-invalid=\"false\" placeholder=\"Nachname*\" value=\"\" type=\"text\" name=\"last-name\" \/><\/span>\n  <\/div>\n<\/div>\n\n<span class=\"wpcf7-form-control-wrap\" data-name=\"your-email\"><input size=\"40\" maxlength=\"400\" class=\"wpcf7-form-control wpcf7-email wpcf7-validates-as-required wpcf7-text wpcf7-validates-as-email\" id=\"your-email\" autocomplete=\"email\" aria-required=\"true\" aria-invalid=\"false\" placeholder=\"Ihre E-Mail-Adresse*\" value=\"\" type=\"email\" name=\"your-email\" \/><\/span>\n\n<span class=\"wpcf7-form-control-wrap\" data-name=\"your-phone\"><input size=\"40\" maxlength=\"400\" class=\"wpcf7-form-control wpcf7-tel wpcf7-text wpcf7-validates-as-tel\" id=\"your-phone\" autocomplete=\"tel\" aria-invalid=\"false\" placeholder=\"Telefon (optional)\" value=\"\" type=\"tel\" name=\"your-phone\" \/><\/span>\n\n<span class=\"wpcf7-form-control-wrap\" data-name=\"your-event\"><input size=\"40\" maxlength=\"400\" class=\"wpcf7-form-control wpcf7-text\" id=\"your-event\" aria-invalid=\"false\" placeholder=\"Anlass (z. B. Hochzeit, Geburtstag, Firmenevent)\" value=\"\" type=\"text\" name=\"your-event\" \/><\/span>\n\n<span class=\"wpcf7-form-control-wrap\" data-name=\"your-guests\"><input class=\"wpcf7-form-control wpcf7-number wpcf7-validates-as-number\" min=\"1\" max=\"2000\" aria-invalid=\"false\" placeholder=\"Anzahl der G\u00e4ste\" value=\"\" type=\"number\" name=\"your-guests\" \/><\/span>\n\n<span class=\"wpcf7-form-control-wrap\" data-name=\"your-date\"><input class=\"wpcf7-form-control wpcf7-date wpcf7-validates-as-date\" id=\"your-date\" aria-invalid=\"false\" placeholder=\"Wunschtermin\" value=\"\" type=\"date\" name=\"your-date\" \/><\/span>\n\n<span class=\"wpcf7-form-control-wrap\" data-name=\"your-message\"><textarea cols=\"40\" rows=\"10\" maxlength=\"2000\" class=\"wpcf7-form-control wpcf7-textarea wpcf7-validates-as-required\" id=\"your-message\" aria-required=\"true\" aria-invalid=\"false\" placeholder=\"Ihre Nachricht*\" name=\"your-message\"><\/textarea><\/span>\n\n<input class=\"wpcf7-form-control wpcf7-submit has-spinner\" type=\"submit\" value=\"Anfrage senden\" \/><\/div><\/div><p style=\"display: none !important;\" class=\"akismet-fields-container\" data-prefix=\"_wpcf7_ak_\"><label>&#916;<textarea name=\"_wpcf7_ak_hp_textarea\" cols=\"45\" rows=\"8\" maxlength=\"100\"><\/textarea><\/label><input type=\"hidden\" id=\"ak_js_1\" name=\"_wpcf7_ak_js\" value=\"224\"\/><script>document.getElementById( \"ak_js_1\" ).setAttribute( \"value\", ( new Date() ).getTime() );<\/script><\/p><div class=\"wpcf7-response-output\" aria-hidden=\"true\"><\/div>\n<\/form>\n<\/div>\n<\/div>\n            <\/div>\t\t\t\t<\/div>\n\t\t\t\t<\/div>\n\t\t\t\t\t<\/div>\n\t\t\t\t<\/div>\n\t\t\t\t<\/div>\n\t\t","protected":false},"excerpt":{"rendered":"<p>Stilvolle Dekoration f\u00fcr Event Styling &amp; Dekoration Stilvolle Dekoration f\u00fcr besondere Anl\u00e4sse \u2013 reduziert, harmonisch und zeitlos. Von eleganten Table Settings bis zur dezenten Raumgestaltung entsteht ein stimmiges Gesamtbild. Jedes Konzept wird individuell auf Event, Location und Atmosph\u00e4re abgestimmt. Kontakt &#916;<\/p>\n","protected":false},"author":1,"featured_media":0,"parent":0,"menu_order":0,"comment_status":"closed","ping_status":"closed","template":"","meta":{"site-sidebar-layout":"no-sidebar","site-content-layout":"","ast-site-content-layout":"full-width-container","site-content-style":"default","site-sidebar-style":"default","ast-global-header-display":"","ast-banner-title-visibility":"disabled","ast-main-header-display":"","ast-hfb-above-header-display":"","ast-hfb-below-header-display":"","ast-hfb-mobile-header-display":"","site-post-title":"","ast-breadcrumbs-content":"","ast-featured-img":"disabled","footer-sml-layout":"","ast-disable-related-posts":"","theme-transparent-header-meta":"","adv-header-id-meta":"","stick-header-meta":"","header-above-stick-meta":"","header-main-stick-meta":"","header-below-stick-meta":"","astra-migrate-meta-layouts":"default","ast-page-background-enabled":"default","ast-page-background-meta":{"desktop":{"background-color":"var(--ast-global-color-5)","background-image":"","background-repeat":"repeat","background-position":"center center","background-size":"auto","background-attachment":"scroll","background-type":"","background-media":"","overlay-type":"","overlay-color":"","overlay-opacity":"","overlay-gradient":""},"tablet":{"background-color":"","background-image":"","background-repeat":"repeat","background-position":"center center","background-size":"auto","background-attachment":"scroll","background-type":"","background-media":"","overlay-type":"","overlay-color":"","overlay-opacity":"","overlay-gradient":""},"mobile":{"background-color":"","background-image":"","background-repeat":"repeat","background-position":"center center","background-size":"auto","background-attachment":"scroll","background-type":"","background-media":"","overlay-type":"","overlay-color":"","overlay-opacity":"","overlay-gradient":""}},"ast-content-background-meta":{"desktop":{"background-color":"var(--ast-global-color-4)","background-image":"","background-repeat":"repeat","background-position":"center center","background-size":"auto","background-attachment":"scroll","background-type":"","background-media":"","overlay-type":"","overlay-color":"","overlay-opacity":"","overlay-gradient":""},"tablet":{"background-color":"var(--ast-global-color-4)","background-image":"","background-repeat":"repeat","background-position":"center center","background-size":"auto","background-attachment":"scroll","background-type":"","background-media":"","overlay-type":"","overlay-color":"","overlay-opacity":"","overlay-gradient":""},"mobile":{"background-color":"var(--ast-global-color-4)","background-image":"","background-repeat":"repeat","background-position":"center center","background-size":"auto","background-attachment":"scroll","background-type":"","background-media":"","overlay-type":"","overlay-color":"","overlay-opacity":"","overlay-gradient":""}},"footnotes":""},"class_list":["post-183","page","type-page","status-publish","hentry"],"_links":{"self":[{"href":"https:\/\/charcuterieandbloom-frankfurt.de\/index.php?rest_route=\/wp\/v2\/pages\/183","targetHints":{"allow":["GET"]}}],"collection":[{"href":"https:\/\/charcuterieandbloom-frankfurt.de\/index.php?rest_route=\/wp\/v2\/pages"}],"about":[{"href":"https:\/\/charcuterieandbloom-frankfurt.de\/index.php?rest_route=\/wp\/v2\/types\/page"}],"author":[{"embeddable":true,"href":"https:\/\/charcuterieandbloom-frankfurt.de\/index.php?rest_route=\/wp\/v2\/users\/1"}],"replies":[{"embeddable":true,"href":"https:\/\/charcuterieandbloom-frankfurt.de\/index.php?rest_route=%2Fwp%2Fv2%2Fcomments&post=183"}],"version-history":[{"count":10,"href":"https:\/\/charcuterieandbloom-frankfurt.de\/index.php?rest_route=\/wp\/v2\/pages\/183\/revisions"}],"predecessor-version":[{"id":438,"href":"https:\/\/charcuterieandbloom-frankfurt.de\/index.php?rest_route=\/wp\/v2\/pages\/183\/revisions\/438"}],"wp:attachment":[{"href":"https:\/\/charcuterieandbloom-frankfurt.de\/index.php?rest_route=%2Fwp%2Fv2%2Fmedia&parent=183"}],"curies":[{"name":"wp","href":"https:\/\/api.w.org\/{rel}","templated":true}]}}